{"id":922,"date":"2020-01-29T15:57:49","date_gmt":"2020-01-29T15:57:49","guid":{"rendered":"http:\/\/www.parafiamarcyporeba.pl\/?page_id=922"},"modified":"2020-01-31T08:09:16","modified_gmt":"2020-01-31T08:09:16","slug":"pokuta","status":"publish","type":"page","link":"http:\/\/www.parafiamarcyporeba.pl\/index.php\/pokuta\/","title":{"rendered":"Pokuta"},"content":{"rendered":"<div id=\"pl-gb922-69e35a1997224\"  class=\"panel-layout\" ><div id=\"pg-gb922-69e35a1997224-0\"  class=\"panel-grid panel-no-style\" ><div id=\"pgc-gb922-69e35a1997224-0-0\"  class=\"panel-grid-cell\" ><div id=\"panel-gb922-69e35a1997224-0-0-0\" class=\"so-panel widget widget_text panel-first-child panel-last-child\" data-index=\"0\" ><h3 class=\"widget-title\">Sakrament Pojednania<\/h3>\t\t\t<div class=\"textwidget\"><p>Podstaw\u0105 sakramentu pokuty i pojednania jest Ewangelia Jana (J 20, 23), w kt\u00f3rej Jezus nadaje uczniom w\u0142adz\u0119 odpuszczania i zatrzymywania grzech\u00f3w. Aby spowied\u017a by\u0142a wa\u017cna, nale\u017cy spe\u0142ni\u0107 poni\u017csze warunki:<\/p>\n<ul>\n<li>Rachunek sumienia<\/li>\n<li>\u017bal za grzechy<\/li>\n<li>Mocne postanowienie poprawy<\/li>\n<li>Szczera spowied\u017a<\/li>\n<li>Zado\u015b\u0107uczynienie Bogu i bli\u017aniemu<\/li>\n<\/ul>\n<p>Spowied\u017a z regu\u0142y jest realizowana w konfesjonale, chocia\u017c nie jest to konieczne. Wa\u017cno\u015b\u0107 sakramentu nast\u0119puje w momencie dope\u0142nienia warunk\u00f3w spowiedzi. W sytuacjach szczeg\u00f3lnych, kap\u0142an mo\u017ce udzieli\u0107 warunkowego rozgrzeszenia, jak r\u00f3wnie\u017c, mo\u017ce udzieli\u0107 zbiorowego rozgrzeszenia (absolucja zbiorowa). Dopuszcza si\u0119 r\u00f3wnie\u017c udzia\u0142 osoby trzeciej (np. t\u0142umacza) pod rygorem dochowania tajemnicy. Pami\u0119tajmy, sakrament pojednania otwiera drzwi do Jezusa, prostuje \u015bcie\u017cki i przede wszystkim jest lekarstwem dla naszego sumienia.<\/p>\n<\/div>\n\t\t<\/div><\/div><\/div><\/div>","protected":false},"excerpt":{"rendered":"<p>Podstaw\u0105 sakramentu pokuty i pojednania jest Ewangelia Jana (J 20, 23), w kt\u00f3rej Jezus nadaje uczniom w\u0142adz\u0119 odpuszczania i zatrzymywania grzech\u00f3w. Aby spowied\u017a by\u0142a wa\u017cna, nale\u017cy spe\u0142ni\u0107 poni\u017csze warunki: Rachunek sumienia \u017bal za grzechy Mocne postanowienie poprawy Szczera spowied\u017a Zado\u015b\u0107uczynienie Bogu i bli\u017aniemu Spowied\u017a z regu\u0142y jest realizowana w konfesjonale, chocia\u017c nie jest to konieczne. [&hellip;]<\/p>\n","protected":false},"author":1,"featured_media":0,"parent":0,"menu_order":0,"comment_status":"closed","ping_status":"closed","template":"","meta":{"_exactmetrics_skip_tracking":false,"_exactmetrics_sitenote_active":false,"_exactmetrics_sitenote_note":"","_exactmetrics_sitenote_category":0,"footnotes":""},"class_list":["post-922","page","type-page","status-publish","hentry"],"_links":{"self":[{"href":"http:\/\/www.parafiamarcyporeba.pl\/index.php\/wp-json\/wp\/v2\/pages\/922","targetHints":{"allow":["GET"]}}],"collection":[{"href":"http:\/\/www.parafiamarcyporeba.pl\/index.php\/wp-json\/wp\/v2\/pages"}],"about":[{"href":"http:\/\/www.parafiamarcyporeba.pl\/index.php\/wp-json\/wp\/v2\/types\/page"}],"author":[{"embeddable":true,"href":"http:\/\/www.parafiamarcyporeba.pl\/index.php\/wp-json\/wp\/v2\/users\/1"}],"replies":[{"embeddable":true,"href":"http:\/\/www.parafiamarcyporeba.pl\/index.php\/wp-json\/wp\/v2\/comments?post=922"}],"version-history":[{"count":2,"href":"http:\/\/www.parafiamarcyporeba.pl\/index.php\/wp-json\/wp\/v2\/pages\/922\/revisions"}],"predecessor-version":[{"id":1229,"href":"http:\/\/www.parafiamarcyporeba.pl\/index.php\/wp-json\/wp\/v2\/pages\/922\/revisions\/1229"}],"wp:attachment":[{"href":"http:\/\/www.parafiamarcyporeba.pl\/index.php\/wp-json\/wp\/v2\/media?parent=922"}],"curies":[{"name":"wp","href":"https:\/\/api.w.org\/{rel}","templated":true}]}}