{"id":1246,"date":"2020-01-31T18:06:02","date_gmt":"2020-01-31T18:06:02","guid":{"rendered":"http:\/\/www.parafiamarcyporeba.pl\/?page_id=1246"},"modified":"2020-01-31T18:14:29","modified_gmt":"2020-01-31T18:14:29","slug":"grupy-parafialne","status":"publish","type":"page","link":"https:\/\/www.parafiamarcyporeba.pl\/index.php\/grupy-parafialne\/","title":{"rendered":"Grupy Parafialne"},"content":{"rendered":"<div id=\"pl-gb1246-69e74e49d41b3\"  class=\"panel-layout\" ><div id=\"pg-gb1246-69e74e49d41b3-0\"  class=\"panel-grid panel-no-style\" ><div id=\"pgc-gb1246-69e74e49d41b3-0-0\"  class=\"panel-grid-cell\" ><div id=\"panel-gb1246-69e74e49d41b3-0-0-0\" class=\"so-panel widget widget_text panel-first-child panel-last-child\" data-index=\"0\" ><h3 class=\"widget-title\">Grupy parafialne<\/h3>\t\t\t<div class=\"textwidget\"><p><strong>S\u0142u\u017cba Liturgiczna<\/strong><\/p>\n<p><strong>Schola\u00a0<\/strong><\/p>\n<p><strong>Grupa &#8222;CANTORES&#8221;<\/strong><\/p>\n<p><strong>Grupa modlitewna<\/strong><\/p>\n<p><strong>R\u00f3\u017ca \u017cywego r\u00f3\u017ca\u0144ca<\/strong><\/p>\n<p><strong>Rada parafialna<\/strong><\/p>\n<p>&nbsp;<\/p>\n<\/div>\n\t\t<\/div><\/div><\/div><\/div>","protected":false},"excerpt":{"rendered":"<p>S\u0142u\u017cba Liturgiczna Schola\u00a0 Grupa &#8222;CANTORES&#8221; Grupa modlitewna R\u00f3\u017ca \u017cywego r\u00f3\u017ca\u0144ca Rada parafialna &nbsp;<\/p>\n","protected":false},"author":1,"featured_media":0,"parent":0,"menu_order":0,"comment_status":"closed","ping_status":"closed","template":"","meta":{"_exactmetrics_skip_tracking":false,"_exactmetrics_sitenote_active":false,"_exactmetrics_sitenote_note":"","_exactmetrics_sitenote_category":0,"footnotes":""},"class_list":["post-1246","page","type-page","status-publish","hentry"],"_links":{"self":[{"href":"https:\/\/www.parafiamarcyporeba.pl\/index.php\/wp-json\/wp\/v2\/pages\/1246","targetHints":{"allow":["GET"]}}],"collection":[{"href":"https:\/\/www.parafiamarcyporeba.pl\/index.php\/wp-json\/wp\/v2\/pages"}],"about":[{"href":"https:\/\/www.parafiamarcyporeba.pl\/index.php\/wp-json\/wp\/v2\/types\/page"}],"author":[{"embeddable":true,"href":"https:\/\/www.parafiamarcyporeba.pl\/index.php\/wp-json\/wp\/v2\/users\/1"}],"replies":[{"embeddable":true,"href":"https:\/\/www.parafiamarcyporeba.pl\/index.php\/wp-json\/wp\/v2\/comments?post=1246"}],"version-history":[{"count":4,"href":"https:\/\/www.parafiamarcyporeba.pl\/index.php\/wp-json\/wp\/v2\/pages\/1246\/revisions"}],"predecessor-version":[{"id":1261,"href":"https:\/\/www.parafiamarcyporeba.pl\/index.php\/wp-json\/wp\/v2\/pages\/1246\/revisions\/1261"}],"wp:attachment":[{"href":"https:\/\/www.parafiamarcyporeba.pl\/index.php\/wp-json\/wp\/v2\/media?parent=1246"}],"curies":[{"name":"wp","href":"https:\/\/api.w.org\/{rel}","templated":true}]}}