{"id":918,"date":"2020-01-29T15:57:49","date_gmt":"2020-01-29T15:57:49","guid":{"rendered":"http:\/\/www.parafiamarcyporeba.pl\/?page_id=918"},"modified":"2020-01-31T16:52:12","modified_gmt":"2020-01-31T16:52:12","slug":"chrzest","status":"publish","type":"page","link":"https:\/\/www.parafiamarcyporeba.pl\/index.php\/chrzest\/","title":{"rendered":"Chrzest"},"content":{"rendered":"<div id=\"pl-gb918-69e74e6c20839\"  class=\"panel-layout\" ><div id=\"pg-gb918-69e74e6c20839-0\"  class=\"panel-grid panel-no-style\" ><div id=\"pgc-gb918-69e74e6c20839-0-0\"  class=\"panel-grid-cell\" ><div id=\"panel-gb918-69e74e6c20839-0-0-0\" class=\"so-panel widget widget_text panel-first-child panel-last-child\" data-index=\"0\" >\t\t\t<div class=\"textwidget\"><p><strong>Sakrament Chrztu \u015awi\u0119tego<br \/>\n<\/strong><\/p>\n<p>Chrzest to pierwszym z siedmiu sakrament\u00f3w \u015awi\u0119tych, ustanowiony przez Pana Jezusa s\u0142owami: &#8222;nauczajcie wszystkie narody, udzielaj\u0105c im chrztu w imi\u0119 Ojca i Syna,\u00a0 i Ducha \u015awi\u0119tego&#8221; (Mt 28, 19-20). Chrztu dokonuje si\u0119 przez polanie wod\u0105 \u015bwi\u0119con\u0105 g\u0142owy osoby chrzczonej, i wypowiedzenie s\u0142\u00f3w &#8222;Ja ciebie chrzcz\u0119 w imi\u0119 Ojca i Syna, i Ducha \u015awi\u0119tego\u201d.\u00a0 Ten pierwszy i zarazem najwa\u017cniejszy z sakrament\u00f3w ko\u015bcio\u0142a katolickiego, to fundament\u00a0 i\u00a0 brama \u017cycia chrze\u015bcijanina. Obrz\u0119dy chrztu czyni\u0105 nas dzie\u0107mi Bo\u017cymi i g\u0142adz\u0105 grzech pierworodny, a samo s\u0142owo chrzci\u0107 (z \u0142aciny babtizare) oznacza obmycie i zanurzenie w Duchu \u015awi\u0119tym. W sytuacjach skrajnych np. zagro\u017cenia \u017cycia, szafarzem sakramentu chrztu mo\u017ce zosta\u0107 ka\u017cda osoba, jednak praktykuje si\u0119\u00a0 aby by\u0142 to ksi\u0105dz. Pami\u0119tajmy, \u017ce chrzest \u015bwi\u0119ty nak\u0142ada szereg obowi\u0105zk\u00f3w na rodzic\u00f3w i chrzestnych, a szczeg\u00f3lnie istotny jest rozw\u00f3j religijny osoby ochrzczonej. Chrzest \u015awi\u0119ty nie powinien by\u0107 traktowany jako forma tradycji narodowych, i kolejnej okazji do spotka\u0144 towarzyskich. Chrzest to sakrament i dar Boga dla cz\u0142owieka.<\/p>\n<p>&nbsp;<\/p>\n<\/div>\n\t\t<\/div><\/div><div id=\"pgc-gb918-69e74e6c20839-0-1\"  class=\"panel-grid-cell\" ><div id=\"panel-gb918-69e74e6c20839-0-1-0\" class=\"so-panel widget widget_media_image panel-first-child panel-last-child\" data-index=\"1\" ><img loading=\"lazy\" decoding=\"async\" width=\"200\" height=\"300\" src=\"https:\/\/www.parafiamarcyporeba.pl\/wp-content\/uploads\/2020\/01\/chrzest-200x300.jpg\" class=\"image wp-image-996  attachment-medium size-medium\" alt=\"\" style=\"max-width: 100%; height: auto;\" srcset=\"https:\/\/www.parafiamarcyporeba.pl\/wp-content\/uploads\/2020\/01\/chrzest-200x300.jpg 200w, https:\/\/www.parafiamarcyporeba.pl\/wp-content\/uploads\/2020\/01\/chrzest.jpg 600w\" sizes=\"auto, (max-width: 200px) 100vw, 200px\" \/><\/div><\/div><\/div><\/div>\n\n<div id=\"pl-gb918-69e74e6c21355\"  class=\"panel-layout\" ><div id=\"pg-gb918-69e74e6c21355-0\"  class=\"panel-grid panel-no-style\" ><div id=\"pgc-gb918-69e74e6c21355-0-0\"  class=\"panel-grid-cell\" ><div id=\"panel-gb918-69e74e6c21355-0-0-0\" class=\"so-panel widget widget_text panel-first-child panel-last-child\" data-index=\"0\" >\t\t\t<div class=\"textwidget\"><p><strong>W naszej parafii chrztu udzielamy w pierwsz\u0105 niedziel\u0119 miesi\u0105ca.<\/strong><br \/>\nNatomiast, w ostatni\u0105 niedziel\u0119 miesi\u0105ca (poprzedzaj\u0105c\u0105 chrzest) prowadzimy katechezy przygotowuj\u0105ce dla rodzic\u00f3w i chrzestnych. Katecheza rozpoczyna si\u0119 po Mszy \u015aw. o godz.9.00. Planowany chrzest prosimy zg\u0142asza\u0107 odpowiednio wcze\u015bniej w kancelarii parafialnej w godzinach urz\u0119dowania.<\/p>\n<p><strong>Dokumenty potrzebne do udzielenia sakramentu Chrztu \u015awi\u0119tego.<\/strong><br \/>\n&#8211; dokumenty to\u017csamo\u015bci rodzic\u00f3w,<br \/>\n&#8211; odpis skr\u00f3cony aktu urodzenia dziecka USC,<br \/>\n&#8211; dane osobowe rodzic\u00f3w chrzestnych,<br \/>\n&#8211; zawiadomienia od chrzestnych o mo\u017cliwo\u015bci sprawowania tej funkcji.<\/p>\n<p><strong>UWAGA:<\/strong><br \/>\nRodzice Chrzestni powinni mie\u0107 przyj\u0119ty Sakrament Bierzmowania i by\u0107 praktykuj\u0105cymi katolikami. (w przypadku Rodzic\u00f3w Chrzestnych z innej parafii, koniecznie musz\u0105 oni przedstawi\u0107 za\u015bwiadczenie stwierdzaj\u0105ce, \u017ce mog\u0105 by\u0107 rodzicami chrzestnymi). Na uroczysto\u015b\u0107 chrzcieln\u0105 nale\u017cy przygotowa\u0107 \u015bwiec\u0119 i tzw. bia\u0142\u0105 szat\u0119.<\/p>\n<\/div>\n\t\t<\/div><\/div><\/div><\/div>","protected":false},"excerpt":{"rendered":"<p>Sakrament Chrztu \u015awi\u0119tego Chrzest to pierwszym z siedmiu sakrament\u00f3w \u015awi\u0119tych, ustanowiony przez Pana Jezusa s\u0142owami: &#8222;nauczajcie wszystkie narody, udzielaj\u0105c im chrztu w imi\u0119 Ojca i Syna,\u00a0 i Ducha \u015awi\u0119tego&#8221; (Mt 28, 19-20). Chrztu dokonuje si\u0119 przez polanie wod\u0105 \u015bwi\u0119con\u0105 g\u0142owy osoby chrzczonej, i wypowiedzenie s\u0142\u00f3w &#8222;Ja ciebie chrzcz\u0119 w imi\u0119 Ojca i Syna, i Ducha [&hellip;]<\/p>\n","protected":false},"author":1,"featured_media":0,"parent":0,"menu_order":0,"comment_status":"closed","ping_status":"closed","template":"","meta":{"_exactmetrics_skip_tracking":false,"_exactmetrics_sitenote_active":false,"_exactmetrics_sitenote_note":"","_exactmetrics_sitenote_category":0,"footnotes":""},"class_list":["post-918","page","type-page","status-publish","hentry"],"_links":{"self":[{"href":"https:\/\/www.parafiamarcyporeba.pl\/index.php\/wp-json\/wp\/v2\/pages\/918","targetHints":{"allow":["GET"]}}],"collection":[{"href":"https:\/\/www.parafiamarcyporeba.pl\/index.php\/wp-json\/wp\/v2\/pages"}],"about":[{"href":"https:\/\/www.parafiamarcyporeba.pl\/index.php\/wp-json\/wp\/v2\/types\/page"}],"author":[{"embeddable":true,"href":"https:\/\/www.parafiamarcyporeba.pl\/index.php\/wp-json\/wp\/v2\/users\/1"}],"replies":[{"embeddable":true,"href":"https:\/\/www.parafiamarcyporeba.pl\/index.php\/wp-json\/wp\/v2\/comments?post=918"}],"version-history":[{"count":13,"href":"https:\/\/www.parafiamarcyporeba.pl\/index.php\/wp-json\/wp\/v2\/pages\/918\/revisions"}],"predecessor-version":[{"id":1231,"href":"https:\/\/www.parafiamarcyporeba.pl\/index.php\/wp-json\/wp\/v2\/pages\/918\/revisions\/1231"}],"wp:attachment":[{"href":"https:\/\/www.parafiamarcyporeba.pl\/index.php\/wp-json\/wp\/v2\/media?parent=918"}],"curies":[{"name":"wp","href":"https:\/\/api.w.org\/{rel}","templated":true}]}}